{"id":21190,"date":"2024-06-01T15:20:34","date_gmt":"2024-06-01T12:20:34","guid":{"rendered":"https:\/\/akdeniztoros.com.tr\/satisnoktalari\/?page_id=21190"},"modified":"2024-06-01T15:21:17","modified_gmt":"2024-06-01T12:21:17","slug":"akdeniz-toros-satis-noktalari-en-populer-noktalar","status":"publish","type":"page","link":"https:\/\/akdeniztoros.com.tr\/satisnoktalari\/akdeniz-toros-satis-noktalari-en-populer-noktalar\/","title":{"rendered":"Akdeniz Toros Sat\u0131\u015f Noktalar\u0131 En Pop\u00fcler Noktalar"},"content":{"rendered":"<div class=\"wpb-content-wrapper\"><p>[vc_row][vc_column][vc_empty_space][\/vc_column][\/vc_row][vc_row full_width=&#8221;stretch_row&#8221; css=&#8221;.vc_custom_1679247101945{padding-top: 10px !important;padding-bottom: 10px !important;}&#8221;][vc_column width=&#8221;1\/3&#8243;]<div style=\"text-align:center;\"\r\n\t class=\" vc_custom_1699521247413\">\r\n\t<a href=\"https:\/\/akdeniztoros.com.tr\/satisnoktalari\/arden-marketler\/\"\r\n\t   class=\"mdl-button mdl-js-button mdl-button--raised mdl-button--primary mdl-button--lg\"\r\n\t   title=\"Arden Marketler\"\r\n\t   target=\"_self\"\r\n\t>\r\n\t\tArden Marketler\t<\/a>\r\n<\/div>[\/vc_column][vc_column width=&#8221;1\/3&#8243;]<div style=\"text-align:center;\"\r\n\t class=\" vc_custom_1705071382061\">\r\n\t<a href=\"https:\/\/akdeniztoros.com.tr\/satisnoktalari\/?sdm_process_download=1&#038;download_id=20773\"\r\n\t   class=\"mdl-button mdl-js-button mdl-button--raised mdl-button--primary mdl-button--lg\"\r\n\t   title=\"En Yak\u0131n Nerede?\"\r\n\t   target=\"_blank\"\r\n\t>\r\n\t\tEn Yak\u0131n Nerede?\t<\/a>\r\n<\/div>[\/vc_column][vc_column width=&#8221;1\/3&#8243;]<div style=\"text-align:center;\"\r\n\t class=\" vc_custom_1686663337208\">\r\n\t<a href=\"https:\/\/akdeniztoros.com.tr\/satisnoktalari\/cafe-restaurantlar\/\"\r\n\t   class=\"mdl-button mdl-js-button mdl-button--raised mdl-button--primary mdl-button--lg\"\r\n\t   title=\"Cafe-Restaurantlar\"\r\n\t   target=\"_self\"\r\n\t>\r\n\t\tCafe-Restaurantlar\t<\/a>\r\n<\/div>[\/vc_column][\/vc_row][vc_row][vc_column][vc_empty_space]\t\t<listing-grid\r\n\t\t\tid=\"myhome-listing-grid\"\r\n\t\t\tclass=\"\"\r\n\t\t\tconfig-key='MyHomeListing1776706783'\r\n\t\t>\r\n\t\t\t\t\t<\/listing-grid>\r\n\t\t[\/vc_column][\/vc_row]<\/p>\n<\/div>","protected":false},"excerpt":{"rendered":"<p>[vc_row][vc_column][vc_empty_space][\/vc_column][\/vc_row][vc_row full_width=&#8221;stretch_row&#8221; css=&#8221;.vc_custom_1679247101945{padding-top: 10px !important;padding-bottom: 10px !important;}&#8221;][vc_column width=&#8221;1\/3&#8243;][\/vc_column][vc_column width=&#8221;1\/3&#8243;][\/vc_column][vc_column width=&#8221;1\/3&#8243;][\/vc_column][\/vc_row][vc_row][vc_column][vc_empty_space][\/vc_column][\/vc_row]<\/p>\n","protected":false},"author":1,"featured_media":0,"parent":0,"menu_order":0,"comment_status":"closed","ping_status":"closed","template":"page_full-width.php","meta":{"footnotes":""},"class_list":["post-21190","page","type-page","status-publish","hentry"],"acf":[],"_links":{"self":[{"href":"https:\/\/akdeniztoros.com.tr\/satisnoktalari\/wp-json\/wp\/v2\/pages\/21190","targetHints":{"allow":["GET"]}}],"collection":[{"href":"https:\/\/akdeniztoros.com.tr\/satisnoktalari\/wp-json\/wp\/v2\/pages"}],"about":[{"href":"https:\/\/akdeniztoros.com.tr\/satisnoktalari\/wp-json\/wp\/v2\/types\/page"}],"author":[{"embeddable":true,"href":"https:\/\/akdeniztoros.com.tr\/satisnoktalari\/wp-json\/wp\/v2\/users\/1"}],"replies":[{"embeddable":true,"href":"https:\/\/akdeniztoros.com.tr\/satisnoktalari\/wp-json\/wp\/v2\/comments?post=21190"}],"version-history":[{"count":3,"href":"https:\/\/akdeniztoros.com.tr\/satisnoktalari\/wp-json\/wp\/v2\/pages\/21190\/revisions"}],"predecessor-version":[{"id":21193,"href":"https:\/\/akdeniztoros.com.tr\/satisnoktalari\/wp-json\/wp\/v2\/pages\/21190\/revisions\/21193"}],"wp:attachment":[{"href":"https:\/\/akdeniztoros.com.tr\/satisnoktalari\/wp-json\/wp\/v2\/media?parent=21190"}],"curies":[{"name":"wp","href":"https:\/\/api.w.org\/{rel}","templated":true}]}}